{"id":11,"date":"2025-05-14T18:30:46","date_gmt":"2025-05-14T16:30:46","guid":{"rendered":"https:\/\/ergebnisse.bplaced.net\/salatbar\/?page_id=11"},"modified":"2025-05-14T19:34:22","modified_gmt":"2025-05-14T17:34:22","slug":"wer-wir-sind","status":"publish","type":"page","link":"https:\/\/ergebnisse.bplaced.net\/salatbar\/wer-wir-sind\/","title":{"rendered":"Wer wir sind"},"content":{"rendered":"\n<div class=\"wp-block-columns is-layout-flex wp-container-core-columns-is-layout-9d6595d7 wp-block-columns-is-layout-flex\">\n<div class=\"wp-block-column is-layout-flow wp-block-column-is-layout-flow\" style=\"flex-basis:50%\">\n<figure class=\"wp-block-image size-large\"><img loading=\"lazy\" decoding=\"async\" width=\"1007\" height=\"1343\" src=\"https:\/\/ergebnisse.bplaced.net\/salatbar\/wp-content\/uploads\/2025\/05\/Firefly_2-junge-Menschen-die-gerade-einen-Salat-zubereiten-in-einer-Sonnendurchfluteten-Kuech-941073-edited-1.jpg\" alt=\"\" class=\"wp-image-77\" srcset=\"https:\/\/ergebnisse.bplaced.net\/salatbar\/wp-content\/uploads\/2025\/05\/Firefly_2-junge-Menschen-die-gerade-einen-Salat-zubereiten-in-einer-Sonnendurchfluteten-Kuech-941073-edited-1.jpg 1007w, https:\/\/ergebnisse.bplaced.net\/salatbar\/wp-content\/uploads\/2025\/05\/Firefly_2-junge-Menschen-die-gerade-einen-Salat-zubereiten-in-einer-Sonnendurchfluteten-Kuech-941073-edited-1-225x300.jpg 225w, https:\/\/ergebnisse.bplaced.net\/salatbar\/wp-content\/uploads\/2025\/05\/Firefly_2-junge-Menschen-die-gerade-einen-Salat-zubereiten-in-einer-Sonnendurchfluteten-Kuech-941073-edited-1-768x1024.jpg 768w, https:\/\/ergebnisse.bplaced.net\/salatbar\/wp-content\/uploads\/2025\/05\/Firefly_2-junge-Menschen-die-gerade-einen-Salat-zubereiten-in-einer-Sonnendurchfluteten-Kuech-941073-edited-1-600x800.jpg 600w, https:\/\/ergebnisse.bplaced.net\/salatbar\/wp-content\/uploads\/2025\/05\/Firefly_2-junge-Menschen-die-gerade-einen-Salat-zubereiten-in-einer-Sonnendurchfluteten-Kuech-941073-edited-1-300x400.jpg 300w\" sizes=\"auto, (max-width: 1007px) 100vw, 1007px\" \/><\/figure>\n<\/div>\n\n\n\n<div class=\"wp-block-column is-layout-flow wp-block-column-is-layout-flow\" style=\"flex-basis:50%\">\n<p>Wir sind \u00fcberzeugt: Gutes Essen muss nicht kompliziert sein \u2013 aber ehrlich, frisch und mit Herz gemacht. Genau das ist unsere Idee hinter der Salatbar. Wir m\u00f6chten einen Ort schaffen, an dem du nicht einfach nur isst, sondern bewusst genie\u00dft. Wo du genau wei\u00dft, was auf deinem Teller (oder besser: in deiner Sch\u00fcssel) landet \u2013 und warum.<\/p>\n\n\n\n<p>Wir sind kein anonymer Schnellimbiss. Wir sind Menschen mit Leidenschaft f\u00fcr frische Lebensmittel, kreative Kombinationen und ehrliches Handwerk. Unsere Zutaten kommen \u2013 soweit m\u00f6glich \u2013 aus der Region, unsere Dressings und Toppings stellen wir selbst her, und unser Brot wird t\u00e4glich frisch gebacken.<\/p>\n\n\n\n<p>Was uns antreibt? Wir lieben Vielfalt \u2013 auf dem Teller und im Leben. Bei uns gibt es keinen Salat \u201evon der Stange\u201c, sondern Individualit\u00e4t mit jedem L\u00f6ffel. Ob vegan, vegetarisch oder mit Fleisch, ob leicht und frisch oder herzhaft und s\u00e4ttigend \u2013 bei uns stellst du dir genau das zusammen, was dir schmeckt und gut tut.<\/p>\n\n\n\n<p>Wir glauben an bewusste Ern\u00e4hrung, aber ohne Dogmen. Essen soll Spa\u00df machen, gl\u00fccklich machen \u2013 und manchmal auch einfach richtig satt.<\/p>\n\n\n\n<p>Unsere Salatbar ist ein Ort f\u00fcr alle, die Wert auf Qualit\u00e4t, Nachhaltigkeit und Geschmack legen. F\u00fcr alle, die mittags Kraft tanken oder abends entspannt genie\u00dfen wollen.<\/p>\n\n\n\n<p>Kurz gesagt: Wir sind hier, um dir zu zeigen, wie lecker \u201egr\u00fcn\u201c sein kann. Komm vorbei, lerne uns kennen \u2013 und mach dir selbst ein Bild. Wir freuen uns auf dich!<\/p>\n<\/div>\n<\/div>\n\n\n\n<p><\/p>\n","protected":false},"excerpt":{"rendered":"<p>Wir sind \u00fcberzeugt: Gutes Essen muss nicht kompliziert sein \u2013 aber ehrlich, frisch und mit Herz gemacht. Genau das ist unsere Idee hinter der Salatbar. Wir m\u00f6chten einen Ort schaffen, an dem du nicht einfach nur isst, sondern bewusst genie\u00dft. Wo du genau wei\u00dft, was auf deinem Teller (oder besser: in deiner Sch\u00fcssel) landet \u2013 [&hellip;]<\/p>\n","protected":false},"author":1,"featured_media":0,"parent":0,"menu_order":0,"comment_status":"closed","ping_status":"closed","template":"","meta":{"footnotes":""},"class_list":["post-11","page","type-page","status-publish","hentry","entry"],"_links":{"self":[{"href":"https:\/\/ergebnisse.bplaced.net\/salatbar\/wp-json\/wp\/v2\/pages\/11","targetHints":{"allow":["GET"]}}],"collection":[{"href":"https:\/\/ergebnisse.bplaced.net\/salatbar\/wp-json\/wp\/v2\/pages"}],"about":[{"href":"https:\/\/ergebnisse.bplaced.net\/salatbar\/wp-json\/wp\/v2\/types\/page"}],"author":[{"embeddable":true,"href":"https:\/\/ergebnisse.bplaced.net\/salatbar\/wp-json\/wp\/v2\/users\/1"}],"replies":[{"embeddable":true,"href":"https:\/\/ergebnisse.bplaced.net\/salatbar\/wp-json\/wp\/v2\/comments?post=11"}],"version-history":[{"count":5,"href":"https:\/\/ergebnisse.bplaced.net\/salatbar\/wp-json\/wp\/v2\/pages\/11\/revisions"}],"predecessor-version":[{"id":79,"href":"https:\/\/ergebnisse.bplaced.net\/salatbar\/wp-json\/wp\/v2\/pages\/11\/revisions\/79"}],"wp:attachment":[{"href":"https:\/\/ergebnisse.bplaced.net\/salatbar\/wp-json\/wp\/v2\/media?parent=11"}],"curies":[{"name":"wp","href":"https:\/\/api.w.org\/{rel}","templated":true}]}}