{"id":9,"date":"2025-05-14T18:30:32","date_gmt":"2025-05-14T16:30:32","guid":{"rendered":"https:\/\/ergebnisse.bplaced.net\/salatbar\/?page_id=9"},"modified":"2025-05-14T19:23:20","modified_gmt":"2025-05-14T17:23:20","slug":"unser-menue","status":"publish","type":"page","link":"https:\/\/ergebnisse.bplaced.net\/salatbar\/unser-menue\/","title":{"rendered":"Unser Wochenmen\u00fc"},"content":{"rendered":"\n<h3 class=\"wp-block-heading\">\ud83e\udd57 Wochenmen\u00fc 26. Mai &#8211; 1. Juni<\/h3>\n\n\n\n<p><strong>Montag<\/strong><br><strong>Salat des Tages:<\/strong> <em>Mediterraner Mix<\/em> mit Rucola, Cherrytomaten, Oliven, Feta, Gurke, ger\u00f6steten Kichererbsen &amp; Balsamico-Dressing<br><strong>Brot-Special:<\/strong> Olivenbrot<br><strong>Extra-Topping:<\/strong> Hausgemachte Hummus-Klecks<\/p>\n\n\n\n<hr class=\"wp-block-separator has-alpha-channel-opacity\"\/>\n\n\n\n<p><strong>Dienstag<\/strong><br><strong>Salat des Tages:<\/strong> <em>Orientalischer Genuss<\/em> mit Couscous, Karotten, Granatapfelkernen, Minze, Roter Bete &amp; Zitronen-Joghurt-Dressing<br><strong>Brot-Special:<\/strong> Nussvollkornbrot<br><strong>Extra-Topping:<\/strong> Dattel-Walnuss-Crunch<\/p>\n\n\n\n<hr class=\"wp-block-separator has-alpha-channel-opacity\"\/>\n\n\n\n<p><strong>Mittwoch<\/strong><br><strong>Salat des Tages:<\/strong> <em>Power Protein<\/em> mit Babyspinat, Linsen, Avocado, Paprika, gebratenem Halloumi &amp; Erdnuss-Limetten-Dressing<br><strong>Brot-Special:<\/strong> K\u00fcrbiskernbrot<br><strong>Extra-Topping:<\/strong> Ger\u00f6stete Edamame<\/p>\n\n\n\n<hr class=\"wp-block-separator has-alpha-channel-opacity\"\/>\n\n\n\n<p><strong>Donnerstag<\/strong><br><strong>Salat des Tages:<\/strong> <em>S\u00fc\u00df &amp; Herzhaft<\/em> mit gemischtem Gr\u00fcn, Apfelspalten, Ziegenk\u00e4se, karamellisierten Waln\u00fcssen &amp; Honig-Senf-Dressing<br><strong>Brot-Special:<\/strong> Feigen-Walnuss-Brot<br><strong>Extra-Topping:<\/strong> Crunchy Quinoa<\/p>\n\n\n\n<hr class=\"wp-block-separator has-alpha-channel-opacity\"\/>\n\n\n\n<p><strong>Freitag<\/strong><br><strong>Salat des Tages:<\/strong> <em>Weekend Vibes<\/em> mit gegrilltem Gem\u00fcse (Zucchini, Paprika, Aubergine), Rucola, Pinienkernen &amp; Basilikum-Pesto-Dressing<br><strong>Brot-Special:<\/strong> Tomaten-Kr\u00e4uter-Focaccia<br><strong>Extra-Topping:<\/strong> Mozzarella-Perlen<\/p>\n","protected":false},"excerpt":{"rendered":"<p>\ud83e\udd57 Wochenmen\u00fc 26. Mai &#8211; 1. Juni MontagSalat des Tages: Mediterraner Mix mit Rucola, Cherrytomaten, Oliven, Feta, Gurke, ger\u00f6steten Kichererbsen &amp; Balsamico-DressingBrot-Special: OlivenbrotExtra-Topping: Hausgemachte Hummus-Klecks DienstagSalat des Tages: Orientalischer Genuss mit Couscous, Karotten, Granatapfelkernen, Minze, Roter Bete &amp; Zitronen-Joghurt-DressingBrot-Special: NussvollkornbrotExtra-Topping: Dattel-Walnuss-Crunch MittwochSalat des Tages: Power Protein mit Babyspinat, Linsen, Avocado, Paprika, gebratenem Halloumi &amp; Erdnuss-Limetten-DressingBrot-Special: [&hellip;]<\/p>\n","protected":false},"author":1,"featured_media":0,"parent":0,"menu_order":0,"comment_status":"closed","ping_status":"closed","template":"","meta":{"footnotes":""},"class_list":["post-9","page","type-page","status-publish","hentry","entry"],"_links":{"self":[{"href":"https:\/\/ergebnisse.bplaced.net\/salatbar\/wp-json\/wp\/v2\/pages\/9","targetHints":{"allow":["GET"]}}],"collection":[{"href":"https:\/\/ergebnisse.bplaced.net\/salatbar\/wp-json\/wp\/v2\/pages"}],"about":[{"href":"https:\/\/ergebnisse.bplaced.net\/salatbar\/wp-json\/wp\/v2\/types\/page"}],"author":[{"embeddable":true,"href":"https:\/\/ergebnisse.bplaced.net\/salatbar\/wp-json\/wp\/v2\/users\/1"}],"replies":[{"embeddable":true,"href":"https:\/\/ergebnisse.bplaced.net\/salatbar\/wp-json\/wp\/v2\/comments?post=9"}],"version-history":[{"count":2,"href":"https:\/\/ergebnisse.bplaced.net\/salatbar\/wp-json\/wp\/v2\/pages\/9\/revisions"}],"predecessor-version":[{"id":56,"href":"https:\/\/ergebnisse.bplaced.net\/salatbar\/wp-json\/wp\/v2\/pages\/9\/revisions\/56"}],"wp:attachment":[{"href":"https:\/\/ergebnisse.bplaced.net\/salatbar\/wp-json\/wp\/v2\/media?parent=9"}],"curies":[{"name":"wp","href":"https:\/\/api.w.org\/{rel}","templated":true}]}}